{"id":16,"date":"2012-12-25T14:06:57","date_gmt":"2012-12-25T12:06:57","guid":{"rendered":"https:\/\/www.porlammi.fi\/museot\/?page_id=16"},"modified":"2023-12-18T18:52:12","modified_gmt":"2023-12-18T16:52:12","slug":"sirenin-talomuseo","status":"publish","type":"page","link":"https:\/\/www.porlammi.fi\/museot\/?page_id=16","title":{"rendered":"Sirenin talomuseo"},"content":{"rendered":"\n<p><a rel=\"noreferrer noopener\" href=\"https:\/\/tinyurl.com\/2p764cuw\" data-type=\"URL\" data-id=\"https:\/\/tinyurl.com\/2p764cuw\" target=\"_blank\"><strong>K\u00e4kikoskentie 151, 07820 Lapinj\u00e4rvi<\/strong><\/a><\/p>\n\n\n<figure id=\"attachment_577\" aria-describedby=\"caption-attachment-577\" style=\"width: 300px\" class=\"wp-caption alignleft\"><a href=\"http:\/\/www.porlammi.fi\/wp-content\/uploads\/2012\/05\/Sirenin-talomuseo-ja-aitat-Porlammi-Mervi-Vuorinen.jpg\"><img loading=\"lazy\" decoding=\"async\" class=\"size-medium wp-image-577\" title=\"Sire'nin talomuseo ja aitat, Porlammi, Mervi Vuorinen\" src=\"http:\/\/www.porlammi.fi\/wp-content\/uploads\/2012\/05\/Sirenin-talomuseo-ja-aitat-Porlammi-Mervi-Vuorinen-300x225.jpg\" alt=\"\" width=\"300\" height=\"225\" \/><\/a><figcaption id=\"caption-attachment-577\" class=\"wp-caption-text\">Sir\u00e9nin talomuseo aittoineen<\/figcaption><\/figure>\n<figure id=\"attachment_590\" aria-describedby=\"caption-attachment-590\" style=\"width: 300px\" class=\"wp-caption alignright\"><a href=\"http:\/\/www.porlammi.fi\/wp-content\/uploads\/2012\/05\/IMG_4218.jpg\"><img loading=\"lazy\" decoding=\"async\" class=\"size-medium wp-image-590\" title=\"\" src=\"http:\/\/www.porlammi.fi\/wp-content\/uploads\/2012\/05\/IMG_4218-300x225.jpg\" alt=\"\" width=\"300\" height=\"225\" \/><\/a><figcaption id=\"caption-attachment-590\" class=\"wp-caption-text\">Sir\u00e9nin tuvan kaappi<\/figcaption><\/figure>\n<p>&nbsp;<\/p>\n<p>&nbsp;<\/p>\n<p>&nbsp;<\/p>\n<p>&nbsp;<\/p>\n<p>&nbsp;<\/p>\n<p>&nbsp;<\/p>\n<p>&nbsp;<\/p>\n<p>Sir\u00e9nin talomuseo on Porlammin kotiseutumuseon toinen sivupiste, joka\u00a0on n. puolen kilometrin p\u00e4\u00e4ss\u00e4 varsinaisesta museoalueesta. Talomuseo on rakennettu 1870-luvulla huoneen ja keitti\u00f6n talonpoikaistorpaksi. 1900-luvun alussa siihen rakennettiin toinen huone. Pihapiiriin, kyl\u00e4n puolella, kuului aikanaan useiden ulkorakennusten rivi: sauna, liiteri, karjasuojia ja lato. Ne on huonokuntoisina purettu osittain 1950- ja 1960-luvulla. Pihan toisella puolella olevat aitat ovat edelleen j\u00e4ljell\u00e4. Pienemm\u00e4n aitoista (liha-aitta) Matti Sir\u00e9n\u00a0<span style=\"line-height: 24px;\">toi mukanaan<\/span><span style=\"line-height: 24px;\">\u00a0<\/span>muuttaessaan Artj\u00e4rvelt\u00e4 t\u00e4lle Vestmanilta ostetulle tilalle Porlammille. Matti Sir\u00e9n asui tilallaan 1960-luvulle asti loppuaikoina tytt\u00e4rens\u00e4 Ainon kanssa. Matin lapsenlapset vuokrasivat 1965 museolle tilan rakennukset, jolloin j\u00e4ljell\u00e4 oleva irtaimisto osaksi 1800-luvun lopulta siirtyi museon omistukseen. Vuonna 1995 Porlammin kotiseutumuseo osti rakennukset ja pihapiirin itselleen. Viime aikoina talomuseon irtaimistoa on t\u00e4ydennetty 1900-luvn alkupuolen hengess\u00e4.Talon pihamaalla kaivo ja kyl\u00e4- ja lautakeinut.<\/p>\n<figure id=\"attachment_589\" aria-describedby=\"caption-attachment-589\" style=\"width: 270px\" class=\"wp-caption alignright\"><a href=\"http:\/\/www.porlammi.fi\/wp-content\/uploads\/2012\/05\/IMG_4206.jpg\"><img loading=\"lazy\" decoding=\"async\" class=\" wp-image-589 \" title=\"IMG_4206\" src=\"http:\/\/www.porlammi.fi\/wp-content\/uploads\/2012\/05\/IMG_4206-300x225.jpg\" alt=\"\" width=\"270\" height=\"203\" \/><\/a><figcaption id=\"caption-attachment-589\" class=\"wp-caption-text\">Keitti\u00f6n muuri<\/figcaption><\/figure>\n<figure id=\"attachment_498\" aria-describedby=\"caption-attachment-498\" style=\"width: 270px\" class=\"wp-caption alignleft\"><a href=\"http:\/\/www.porlammi.fi\/wp-content\/uploads\/2012\/05\/IMG_4202.jpg\"><img loading=\"lazy\" decoding=\"async\" class=\" wp-image-498\" title=\"IMG_4202\" src=\"http:\/\/www.porlammi.fi\/wp-content\/uploads\/2012\/05\/IMG_4202-300x225.jpg\" alt=\"\" width=\"270\" height=\"203\" \/><\/a><figcaption id=\"caption-attachment-498\" class=\"wp-caption-text\">Sir\u00e9nin kammari<\/figcaption><\/figure>\n\n\n<p><\/p>\n","protected":false},"excerpt":{"rendered":"<p>K\u00e4kikoskentie 151, 07820 Lapinj\u00e4rvi &nbsp; &nbsp; &nbsp; &nbsp; &nbsp; &nbsp; &nbsp; Sir\u00e9nin talomuseo on Porlammin kotiseutumuseon toinen sivupiste, joka\u00a0on n. puolen kilometrin p\u00e4\u00e4ss\u00e4 varsinaisesta museoalueesta. Talomuseo on rakennettu 1870-luvulla huoneen ja keitti\u00f6n talonpoikaistorpaksi. 1900-luvun alussa siihen rakennettiin toinen huone. Pihapiiriin, kyl\u00e4n puolella, kuului aikanaan useiden ulkorakennusten rivi: sauna, liiteri, karjasuojia ja lato. Ne on huonokuntoisina &hellip; <\/p>\n<p class=\"link-more\"><a href=\"https:\/\/www.porlammi.fi\/museot\/?page_id=16\" class=\"more-link\">Read the full post &rarr;<span class=\"screen-reader-text\">&#8221;Sirenin talomuseo&#8221;<\/span><\/a><\/p>\n","protected":false},"author":1,"featured_media":0,"parent":0,"menu_order":0,"comment_status":"closed","ping_status":"closed","template":"","meta":{"footnotes":""},"class_list":["post-16","page","type-page","status-publish","hentry"],"_links":{"self":[{"href":"https:\/\/www.porlammi.fi\/museot\/index.php?rest_route=\/wp\/v2\/pages\/16","targetHints":{"allow":["GET"]}}],"collection":[{"href":"https:\/\/www.porlammi.fi\/museot\/index.php?rest_route=\/wp\/v2\/pages"}],"about":[{"href":"https:\/\/www.porlammi.fi\/museot\/index.php?rest_route=\/wp\/v2\/types\/page"}],"author":[{"embeddable":true,"href":"https:\/\/www.porlammi.fi\/museot\/index.php?rest_route=\/wp\/v2\/users\/1"}],"replies":[{"embeddable":true,"href":"https:\/\/www.porlammi.fi\/museot\/index.php?rest_route=%2Fwp%2Fv2%2Fcomments&post=16"}],"version-history":[{"count":12,"href":"https:\/\/www.porlammi.fi\/museot\/index.php?rest_route=\/wp\/v2\/pages\/16\/revisions"}],"predecessor-version":[{"id":725,"href":"https:\/\/www.porlammi.fi\/museot\/index.php?rest_route=\/wp\/v2\/pages\/16\/revisions\/725"}],"wp:attachment":[{"href":"https:\/\/www.porlammi.fi\/museot\/index.php?rest_route=%2Fwp%2Fv2%2Fmedia&parent=16"}],"curies":[{"name":"wp","href":"https:\/\/api.w.org\/{rel}","templated":true}]}}