{"id":11,"date":"2012-12-25T12:46:59","date_gmt":"2012-12-25T10:46:59","guid":{"rendered":"https:\/\/www.porlammi.fi\/museot\/?page_id=11"},"modified":"2024-05-19T18:18:41","modified_gmt":"2024-05-19T16:18:41","slug":"makasiininalue","status":"publish","type":"page","link":"https:\/\/www.porlammi.fi\/museot\/?page_id=11","title":{"rendered":"Makasiinin alue"},"content":{"rendered":"\n<p><a href=\"https:\/\/tinyurl.com\/bdzmbdy3\" data-type=\"URL\" data-id=\"https:\/\/tinyurl.com\/bdzmbdy3\" target=\"_blank\" rel=\"noreferrer noopener\"><strong>Kievarintie 27, 07820 Lapinj\u00e4rvi<\/strong><\/a><\/p>\n\n\n<figure id=\"attachment_837\" aria-describedby=\"caption-attachment-837\" style=\"width: 150px\" class=\"wp-caption alignleft\"><a href=\"http:\/\/www.porlammi.fi\/wp-content\/uploads\/2012\/05\/IMG_4542.jpg\"><img loading=\"lazy\" decoding=\"async\" class=\"size-thumbnail wp-image-837\" title=\"IMG_4542\" src=\"http:\/\/www.porlammi.fi\/wp-content\/uploads\/2012\/05\/IMG_4542-150x150.jpg\" alt=\"\" width=\"150\" height=\"150\" \/><\/a><figcaption id=\"caption-attachment-837\" class=\"wp-caption-text\">vaja ja makasiini<\/figcaption><\/figure>\n<p>&nbsp;<\/p>\n<p>&nbsp;<\/p>\n<p>Porlammin kotiseutumuseon esinekokoelmat on ker\u00e4tty nelj\u00e4\u00e4n eri rakennukseen makasiinialueella, joista kolmessa rakennuksessa on avoin n\u00e4yttelytila. Makasiinin alue on yhten\u00e4inen kokonaisuus, joka on muodostunut aikanaan kyl\u00e4n tarpeiden mukaan ja liittyy kyl\u00e4nraitteineen kyl\u00e4maisemaan. Se k\u00e4sitt\u00e4\u00e4 vanhan makasiinin,<\/p>\n<p>&nbsp;<\/p>\n<figure id=\"attachment_569\" aria-describedby=\"caption-attachment-569\" style=\"width: 150px\" class=\"wp-caption alignright\"><a href=\"http:\/\/www.porlammi.fi\/wp-content\/uploads\/2012\/05\/Autotalli-ja-paja-makasiinin-alue-Porlammin-kotiseutumuseo.jpg\"><img loading=\"lazy\" decoding=\"async\" class=\"size-thumbnail wp-image-569\" title=\"Autotalli ja paja, makasiinin alue, Porlammin kotiseutumuseo\" src=\"http:\/\/www.porlammi.fi\/wp-content\/uploads\/2012\/05\/Autotalli-ja-paja-makasiinin-alue-Porlammin-kotiseutumuseo-150x150.jpg\" alt=\"\" width=\"150\" height=\"150\" \/><\/a><figcaption id=\"caption-attachment-569\" class=\"wp-caption-text\">Autotalli ja paja<\/figcaption><\/figure>\n<p>kyl\u00e4sep\u00e4n pajan ja kahden linja-auton tallin 1930-luvulta, joka sekin toimi my\u00f6hemmin sep\u00e4n pajana. Ainoastaan nykyinen vaunuvaja on tuotu kyl\u00e4n keskustasta ja suurennettu kaupan suola-aitasta vaunuvajaksi (varastona). Makasiinin takana on entinen suolammikko, joka on kaivettu esiin ja siihen tehty nuotiopaikka. Vanhan mallin mukainen maitolaituri on tuotu paikalle. Idyllist\u00e4 milj\u00f6\u00f6t\u00e4 luovat my\u00f6s muut vanhat rakennukset alueen ymp\u00e4rill\u00e4, vaikka ne eiv\u00e4t kuulu museoon.<\/p>\n<figure id=\"attachment_844\" aria-describedby=\"caption-attachment-844\" style=\"width: 150px\" class=\"wp-caption alignleft\"><a href=\"http:\/\/www.porlammi.fi\/wp-content\/uploads\/2012\/05\/separaattori-makasiinissa.jpg\"><img loading=\"lazy\" decoding=\"async\" class=\"size-thumbnail wp-image-844\" title=\"separaattori makasiinissa\" src=\"http:\/\/www.porlammi.fi\/wp-content\/uploads\/2012\/05\/separaattori-makasiinissa-150x150.jpg\" alt=\"\" width=\"150\" height=\"150\" \/><\/a><figcaption id=\"caption-attachment-844\" class=\"wp-caption-text\">separaattori makasiinissa<\/figcaption><\/figure>\n<p>&nbsp;<\/p>\n<p>Rakennuksissa on nimiens\u00e4 mukaisesti niihin sopivia esineit\u00e4: koneita, huonekaluja, talousv\u00e4lineit\u00e4, kenki\u00e4, ty\u00f6kaluja ja -v\u00e4lineit\u00e4 eri ammateista sek\u00e4 hevosvetoisia kulkuneuvoja. Kortistossamme on kaikkiaan n. 2000 korttia nimettyin\u00e4.<\/p>\n\n\n<h2 class=\"wp-block-heading\"><\/h2>\n\n\n\n<p><\/p>\n\n\n\n<p><\/p>\n","protected":false},"excerpt":{"rendered":"<p>Kievarintie 27, 07820 Lapinj\u00e4rvi &nbsp; &nbsp; Porlammin kotiseutumuseon esinekokoelmat on ker\u00e4tty nelj\u00e4\u00e4n eri rakennukseen makasiinialueella, joista kolmessa rakennuksessa on avoin n\u00e4yttelytila. Makasiinin alue on yhten\u00e4inen kokonaisuus, joka on muodostunut aikanaan kyl\u00e4n tarpeiden mukaan ja liittyy kyl\u00e4nraitteineen kyl\u00e4maisemaan. Se k\u00e4sitt\u00e4\u00e4 vanhan makasiinin, &nbsp; kyl\u00e4sep\u00e4n pajan ja kahden linja-auton tallin 1930-luvulta, joka sekin toimi my\u00f6hemmin sep\u00e4n pajana. &hellip; <\/p>\n<p class=\"link-more\"><a href=\"https:\/\/www.porlammi.fi\/museot\/?page_id=11\" class=\"more-link\">Read the full post &rarr;<span class=\"screen-reader-text\">&#8221;Makasiinin alue&#8221;<\/span><\/a><\/p>\n","protected":false},"author":1,"featured_media":0,"parent":0,"menu_order":0,"comment_status":"closed","ping_status":"open","template":"","meta":{"footnotes":""},"class_list":["post-11","page","type-page","status-publish","hentry"],"_links":{"self":[{"href":"https:\/\/www.porlammi.fi\/museot\/index.php?rest_route=\/wp\/v2\/pages\/11","targetHints":{"allow":["GET"]}}],"collection":[{"href":"https:\/\/www.porlammi.fi\/museot\/index.php?rest_route=\/wp\/v2\/pages"}],"about":[{"href":"https:\/\/www.porlammi.fi\/museot\/index.php?rest_route=\/wp\/v2\/types\/page"}],"author":[{"embeddable":true,"href":"https:\/\/www.porlammi.fi\/museot\/index.php?rest_route=\/wp\/v2\/users\/1"}],"replies":[{"embeddable":true,"href":"https:\/\/www.porlammi.fi\/museot\/index.php?rest_route=%2Fwp%2Fv2%2Fcomments&post=11"}],"version-history":[{"count":12,"href":"https:\/\/www.porlammi.fi\/museot\/index.php?rest_route=\/wp\/v2\/pages\/11\/revisions"}],"predecessor-version":[{"id":760,"href":"https:\/\/www.porlammi.fi\/museot\/index.php?rest_route=\/wp\/v2\/pages\/11\/revisions\/760"}],"wp:attachment":[{"href":"https:\/\/www.porlammi.fi\/museot\/index.php?rest_route=%2Fwp%2Fv2%2Fmedia&parent=11"}],"curies":[{"name":"wp","href":"https:\/\/api.w.org\/{rel}","templated":true}]}}